{"id":49,"date":"2024-09-02T17:14:29","date_gmt":"2024-09-02T15:14:29","guid":{"rendered":"http:\/\/soltic.local\/?page_id=18"},"modified":"2025-05-23T12:03:43","modified_gmt":"2025-05-23T10:03:43","slug":"imprint","status":"publish","type":"page","link":"https:\/\/www.soltic.ch\/en\/impressum\/","title":{"rendered":"Imprint"},"content":{"rendered":"<style>.wp-block-kadence-advancedheading.kt-adv-heading49_41e8e0-5c, .wp-block-kadence-advancedheading.kt-adv-heading49_41e8e0-5c[data-kb-block=\"kb-adv-heading49_41e8e0-5c\"]{font-style:normal;}.wp-block-kadence-advancedheading.kt-adv-heading49_41e8e0-5c mark.kt-highlight, .wp-block-kadence-advancedheading.kt-adv-heading49_41e8e0-5c[data-kb-block=\"kb-adv-heading49_41e8e0-5c\"] mark.kt-highlight{font-style:normal;color:#f76a0c;-webkit-box-decoration-break:clone;box-decoration-break:clone;padding-top:0px;padding-right:0px;padding-bottom:0px;padding-left:0px;}.wp-block-kadence-advancedheading.kt-adv-heading49_41e8e0-5c img.kb-inline-image, .wp-block-kadence-advancedheading.kt-adv-heading49_41e8e0-5c[data-kb-block=\"kb-adv-heading49_41e8e0-5c\"] img.kb-inline-image{width:150px;vertical-align:baseline;}<\/style>\n<h1 class=\"kt-adv-heading49_41e8e0-5c wp-block-kadence-advancedheading\" data-kb-block=\"kb-adv-heading49_41e8e0-5c\">IMPRESSUM<\/h1>\n\n\n<style>.wp-block-kadence-advancedheading.kt-adv-heading49_ed1e30-d8, .wp-block-kadence-advancedheading.kt-adv-heading49_ed1e30-d8[data-kb-block=\"kb-adv-heading49_ed1e30-d8\"]{font-style:normal;}.wp-block-kadence-advancedheading.kt-adv-heading49_ed1e30-d8 mark.kt-highlight, .wp-block-kadence-advancedheading.kt-adv-heading49_ed1e30-d8[data-kb-block=\"kb-adv-heading49_ed1e30-d8\"] mark.kt-highlight{font-style:normal;color:#f76a0c;-webkit-box-decoration-break:clone;box-decoration-break:clone;padding-top:0px;padding-right:0px;padding-bottom:0px;padding-left:0px;}.wp-block-kadence-advancedheading.kt-adv-heading49_ed1e30-d8 img.kb-inline-image, .wp-block-kadence-advancedheading.kt-adv-heading49_ed1e30-d8[data-kb-block=\"kb-adv-heading49_ed1e30-d8\"] img.kb-inline-image{width:150px;vertical-align:baseline;}.wp-block-kadence-advancedheading.kt-adv-heading49_ed1e30-d8[data-kb-block=\"kb-adv-heading49_ed1e30-d8\"] a, a.kb-advanced-heading-link.kt-adv-heading-link49_ed1e30-d8{text-decoration:none;}<\/style>\n<p class=\"kt-adv-heading49_ed1e30-d8 special_link wp-block-kadence-advancedheading has-theme-palette-4-color has-text-color hls-none\" data-kb-block=\"kb-adv-heading49_ed1e30-d8\"><strong>Adresse<\/strong><br>SOLTIC AG<br>Birsstrasse 320<br>CH-4052 Basel<br>hello@soltic.ch<\/p>\n\n\n<style>.wp-block-kadence-advancedheading.kt-adv-heading49_7dd55c-81, .wp-block-kadence-advancedheading.kt-adv-heading49_7dd55c-81[data-kb-block=\"kb-adv-heading49_7dd55c-81\"]{font-style:normal;}.wp-block-kadence-advancedheading.kt-adv-heading49_7dd55c-81 mark.kt-highlight, .wp-block-kadence-advancedheading.kt-adv-heading49_7dd55c-81[data-kb-block=\"kb-adv-heading49_7dd55c-81\"] mark.kt-highlight{font-style:normal;color:#f76a0c;-webkit-box-decoration-break:clone;box-decoration-break:clone;padding-top:0px;padding-right:0px;padding-bottom:0px;padding-left:0px;}.wp-block-kadence-advancedheading.kt-adv-heading49_7dd55c-81 img.kb-inline-image, .wp-block-kadence-advancedheading.kt-adv-heading49_7dd55c-81[data-kb-block=\"kb-adv-heading49_7dd55c-81\"] img.kb-inline-image{width:150px;vertical-align:baseline;}<\/style>\n<p class=\"kt-adv-heading49_7dd55c-81 wp-block-kadence-advancedheading\" data-kb-block=\"kb-adv-heading49_7dd55c-81\"><strong>Webdesign\/Programmierung<\/strong><br>Masterhomepage GmbH<br>Thiersteinerallee 17<br>CH-4053 Basel<\/p>\n\n\n<style>.wp-block-kadence-advancedheading.kt-adv-heading49_2b2ec8-df, .wp-block-kadence-advancedheading.kt-adv-heading49_2b2ec8-df[data-kb-block=\"kb-adv-heading49_2b2ec8-df\"]{font-style:normal;}.wp-block-kadence-advancedheading.kt-adv-heading49_2b2ec8-df mark.kt-highlight, .wp-block-kadence-advancedheading.kt-adv-heading49_2b2ec8-df[data-kb-block=\"kb-adv-heading49_2b2ec8-df\"] mark.kt-highlight{font-style:normal;color:#f76a0c;-webkit-box-decoration-break:clone;box-decoration-break:clone;padding-top:0px;padding-right:0px;padding-bottom:0px;padding-left:0px;}.wp-block-kadence-advancedheading.kt-adv-heading49_2b2ec8-df img.kb-inline-image, .wp-block-kadence-advancedheading.kt-adv-heading49_2b2ec8-df[data-kb-block=\"kb-adv-heading49_2b2ec8-df\"] img.kb-inline-image{width:150px;vertical-align:baseline;}<\/style>\n<p class=\"kt-adv-heading49_2b2ec8-df wp-block-kadence-advancedheading\" data-kb-block=\"kb-adv-heading49_2b2ec8-df\"><strong>Konzept, Layout<\/strong><br>STUIQ AG<br>Klausstrasse 26<br>CH-8008 Z\u00fcrich<\/p>\n\n\n<style>.wp-block-kadence-advancedheading.kt-adv-heading49_1f2483-45, .wp-block-kadence-advancedheading.kt-adv-heading49_1f2483-45[data-kb-block=\"kb-adv-heading49_1f2483-45\"]{font-style:normal;}.wp-block-kadence-advancedheading.kt-adv-heading49_1f2483-45 mark.kt-highlight, .wp-block-kadence-advancedheading.kt-adv-heading49_1f2483-45[data-kb-block=\"kb-adv-heading49_1f2483-45\"] mark.kt-highlight{font-style:normal;color:#f76a0c;-webkit-box-decoration-break:clone;box-decoration-break:clone;padding-top:0px;padding-right:0px;padding-bottom:0px;padding-left:0px;}.wp-block-kadence-advancedheading.kt-adv-heading49_1f2483-45 img.kb-inline-image, .wp-block-kadence-advancedheading.kt-adv-heading49_1f2483-45[data-kb-block=\"kb-adv-heading49_1f2483-45\"] img.kb-inline-image{width:150px;vertical-align:baseline;}<\/style>\n<p class=\"kt-adv-heading49_1f2483-45 wp-block-kadence-advancedheading\" data-kb-block=\"kb-adv-heading49_1f2483-45\"><strong>Vertretungsberechtigte Personen<\/strong><br>Alexander Schaffrinna<br>Danny Riedel<\/p>\n\n\n<style>.wp-block-kadence-advancedheading.kt-adv-heading49_7363b7-a4, .wp-block-kadence-advancedheading.kt-adv-heading49_7363b7-a4[data-kb-block=\"kb-adv-heading49_7363b7-a4\"]{font-style:normal;}.wp-block-kadence-advancedheading.kt-adv-heading49_7363b7-a4 mark.kt-highlight, .wp-block-kadence-advancedheading.kt-adv-heading49_7363b7-a4[data-kb-block=\"kb-adv-heading49_7363b7-a4\"] mark.kt-highlight{font-style:normal;color:#f76a0c;-webkit-box-decoration-break:clone;box-decoration-break:clone;padding-top:0px;padding-right:0px;padding-bottom:0px;padding-left:0px;}.wp-block-kadence-advancedheading.kt-adv-heading49_7363b7-a4 img.kb-inline-image, .wp-block-kadence-advancedheading.kt-adv-heading49_7363b7-a4[data-kb-block=\"kb-adv-heading49_7363b7-a4\"] img.kb-inline-image{width:150px;vertical-align:baseline;}.wp-block-kadence-advancedheading.kt-adv-heading49_7363b7-a4[data-kb-block=\"kb-adv-heading49_7363b7-a4\"] a, a.kb-advanced-heading-link.kt-adv-heading-link49_7363b7-a4{text-decoration:none;}<\/style>\n<p class=\"kt-adv-heading49_7363b7-a4 special_link wp-block-kadence-advancedheading has-theme-palette-4-color has-text-color hls-none\" data-kb-block=\"kb-adv-heading49_7363b7-a4\"><strong>Datenschutzbeauftragter<\/strong><br>Beat Fischer<br><a href=\"mailto:beat.fischer@soltic.ch\" target=\"_blank\" rel=\"noreferrer noopener\">beat.fischer@soltic.ch<\/a><\/p>\n\n\n<style>.wp-block-kadence-advancedheading.kt-adv-heading49_560397-6b, .wp-block-kadence-advancedheading.kt-adv-heading49_560397-6b[data-kb-block=\"kb-adv-heading49_560397-6b\"]{font-style:normal;}.wp-block-kadence-advancedheading.kt-adv-heading49_560397-6b mark.kt-highlight, .wp-block-kadence-advancedheading.kt-adv-heading49_560397-6b[data-kb-block=\"kb-adv-heading49_560397-6b\"] mark.kt-highlight{font-style:normal;color:#f76a0c;-webkit-box-decoration-break:clone;box-decoration-break:clone;padding-top:0px;padding-right:0px;padding-bottom:0px;padding-left:0px;}.wp-block-kadence-advancedheading.kt-adv-heading49_560397-6b img.kb-inline-image, .wp-block-kadence-advancedheading.kt-adv-heading49_560397-6b[data-kb-block=\"kb-adv-heading49_560397-6b\"] img.kb-inline-image{width:150px;vertical-align:baseline;}<\/style>\n<p class=\"kt-adv-heading49_560397-6b wp-block-kadence-advancedheading\" data-kb-block=\"kb-adv-heading49_560397-6b\"><strong>MwSt.-Nr.<\/strong><br>CHE-406.207.292<\/p>\n\n\n<style>.wp-block-kadence-advancedheading.kt-adv-heading49_b50224-67, .wp-block-kadence-advancedheading.kt-adv-heading49_b50224-67[data-kb-block=\"kb-adv-heading49_b50224-67\"]{font-style:normal;}.wp-block-kadence-advancedheading.kt-adv-heading49_b50224-67 mark.kt-highlight, .wp-block-kadence-advancedheading.kt-adv-heading49_b50224-67[data-kb-block=\"kb-adv-heading49_b50224-67\"] mark.kt-highlight{font-style:normal;color:#f76a0c;-webkit-box-decoration-break:clone;box-decoration-break:clone;padding-top:0px;padding-right:0px;padding-bottom:0px;padding-left:0px;}.wp-block-kadence-advancedheading.kt-adv-heading49_b50224-67 img.kb-inline-image, .wp-block-kadence-advancedheading.kt-adv-heading49_b50224-67[data-kb-block=\"kb-adv-heading49_b50224-67\"] img.kb-inline-image{width:150px;vertical-align:baseline;}<\/style>\n<p class=\"kt-adv-heading49_b50224-67 wp-block-kadence-advancedheading\" data-kb-block=\"kb-adv-heading49_b50224-67\"><strong>Haftungsbeschr\u00e4nkung<\/strong><br>Der Inhalt dieser Webseiten wird mit gr\u00f6sstm\u00f6glicher Sorgfalt gepflegt. Trotzdem wird f\u00fcr den Inhalt keine Haftung \u00fcbernommen.<\/p>\n\n\n<style>.wp-block-kadence-advancedheading.kt-adv-heading49_705c96-83, .wp-block-kadence-advancedheading.kt-adv-heading49_705c96-83[data-kb-block=\"kb-adv-heading49_705c96-83\"]{font-style:normal;}.wp-block-kadence-advancedheading.kt-adv-heading49_705c96-83 mark.kt-highlight, .wp-block-kadence-advancedheading.kt-adv-heading49_705c96-83[data-kb-block=\"kb-adv-heading49_705c96-83\"] mark.kt-highlight{font-style:normal;color:#f76a0c;-webkit-box-decoration-break:clone;box-decoration-break:clone;padding-top:0px;padding-right:0px;padding-bottom:0px;padding-left:0px;}.wp-block-kadence-advancedheading.kt-adv-heading49_705c96-83 img.kb-inline-image, .wp-block-kadence-advancedheading.kt-adv-heading49_705c96-83[data-kb-block=\"kb-adv-heading49_705c96-83\"] img.kb-inline-image{width:150px;vertical-align:baseline;}<\/style>\n<p class=\"kt-adv-heading49_705c96-83 wp-block-kadence-advancedheading\" data-kb-block=\"kb-adv-heading49_705c96-83\">Druckfehler, Irrt\u00fcmer und \u00c4nderungen vorbehalten. Der Inhalt ist urheberrechtlich gesch\u00fctzt. F\u00fcr die Inhalte externer Links \u00fcbernehmen wir keine Haftung. F\u00fcr den Inhalt der verlinkten Seiten sind ausschliesslich deren Betreiber verantwortlich.<\/p>\n\n\n<style>.wp-block-kadence-advancedheading.kt-adv-heading49_d90b39-58, .wp-block-kadence-advancedheading.kt-adv-heading49_d90b39-58[data-kb-block=\"kb-adv-heading49_d90b39-58\"]{font-style:normal;}.wp-block-kadence-advancedheading.kt-adv-heading49_d90b39-58 mark.kt-highlight, .wp-block-kadence-advancedheading.kt-adv-heading49_d90b39-58[data-kb-block=\"kb-adv-heading49_d90b39-58\"] mark.kt-highlight{font-style:normal;color:#f76a0c;-webkit-box-decoration-break:clone;box-decoration-break:clone;padding-top:0px;padding-right:0px;padding-bottom:0px;padding-left:0px;}.wp-block-kadence-advancedheading.kt-adv-heading49_d90b39-58 img.kb-inline-image, .wp-block-kadence-advancedheading.kt-adv-heading49_d90b39-58[data-kb-block=\"kb-adv-heading49_d90b39-58\"] img.kb-inline-image{width:150px;vertical-align:baseline;}<\/style>\n<p class=\"kt-adv-heading49_d90b39-58 wp-block-kadence-advancedheading\" data-kb-block=\"kb-adv-heading49_d90b39-58\"><strong>Externe Links<\/strong><br>Die Webseite enth\u00e4lt sogenannte \u00abexterne Links\u00bb (Verlinkungen) zu anderen Webseiten, auf deren Inhalt der Anbieter der Webseite keinen Einfluss hat. Aus diesem Grund kann der Anbieter f\u00fcr diese Inhalte auch keine Gew\u00e4hr \u00fcbernehmen.<\/p>\n\n\n<style>.wp-block-kadence-advancedheading.kt-adv-heading49_f4f991-b3, .wp-block-kadence-advancedheading.kt-adv-heading49_f4f991-b3[data-kb-block=\"kb-adv-heading49_f4f991-b3\"]{font-style:normal;}.wp-block-kadence-advancedheading.kt-adv-heading49_f4f991-b3 mark.kt-highlight, .wp-block-kadence-advancedheading.kt-adv-heading49_f4f991-b3[data-kb-block=\"kb-adv-heading49_f4f991-b3\"] mark.kt-highlight{font-style:normal;color:#f76a0c;-webkit-box-decoration-break:clone;box-decoration-break:clone;padding-top:0px;padding-right:0px;padding-bottom:0px;padding-left:0px;}.wp-block-kadence-advancedheading.kt-adv-heading49_f4f991-b3 img.kb-inline-image, .wp-block-kadence-advancedheading.kt-adv-heading49_f4f991-b3[data-kb-block=\"kb-adv-heading49_f4f991-b3\"] img.kb-inline-image{width:150px;vertical-align:baseline;}<\/style>\n<p class=\"kt-adv-heading49_f4f991-b3 wp-block-kadence-advancedheading\" data-kb-block=\"kb-adv-heading49_f4f991-b3\">F\u00fcr die Inhalte und Richtigkeit der bereitgestellten Informationen ist ausschliesslich der jeweilige Anbieter der verlinkten Webseite verantwortlich. Zum Zeitpunkt der Verlinkung waren keine Rechtsverst\u00f6sse erkennbar. Bei Bekanntwerden einer solchen Rechtsverletzung wird der Link umgehend entfernt.<\/p>\n\n\n<style>.wp-block-kadence-advancedheading.kt-adv-heading49_1e5129-45, .wp-block-kadence-advancedheading.kt-adv-heading49_1e5129-45[data-kb-block=\"kb-adv-heading49_1e5129-45\"]{font-style:normal;}.wp-block-kadence-advancedheading.kt-adv-heading49_1e5129-45 mark.kt-highlight, .wp-block-kadence-advancedheading.kt-adv-heading49_1e5129-45[data-kb-block=\"kb-adv-heading49_1e5129-45\"] mark.kt-highlight{font-style:normal;color:#f76a0c;-webkit-box-decoration-break:clone;box-decoration-break:clone;padding-top:0px;padding-right:0px;padding-bottom:0px;padding-left:0px;}.wp-block-kadence-advancedheading.kt-adv-heading49_1e5129-45 img.kb-inline-image, .wp-block-kadence-advancedheading.kt-adv-heading49_1e5129-45[data-kb-block=\"kb-adv-heading49_1e5129-45\"] img.kb-inline-image{width:150px;vertical-align:baseline;}<\/style>\n<p class=\"kt-adv-heading49_1e5129-45 wp-block-kadence-advancedheading\" data-kb-block=\"kb-adv-heading49_1e5129-45\"><strong>Urheber- und Kennzeichenrecht<\/strong><br>Der Betreiber dieser Webseite ist bestrebt, in allen Publikationen die Urheberrechte der verwendeten Grafiken, Tondokumente, Videosequenzen und Texte zu beachten, von ihm selbst erstellte Grafiken, Tondokumente, Videosequenzen und Texte zu nutzen oder auf lizenzfreie Grafiken, Tondokumente, Videosequenzen und Texte zur\u00fcckzugreifen. Alle innerhalb des Internetangebotes genannten und ggf. durch Dritte gesch\u00fctzten Marken- und Warenzeichen unterliegen uneingeschr\u00e4nkt den Bestimmungen des jeweils g\u00fcltigen Kennzeichenrechts und den Besitzrechten der jeweiligen eingetragenen Eigent\u00fcmer. Allein aufgrund der blossen Nennung ist nicht der Schluss zu ziehen, dass Markenzeichen nicht durch Rechte Dritter gesch\u00fctzt sind!<\/p>\n\n\n<style>.wp-block-kadence-advancedheading.kt-adv-heading49_90e826-ac, .wp-block-kadence-advancedheading.kt-adv-heading49_90e826-ac[data-kb-block=\"kb-adv-heading49_90e826-ac\"]{font-style:normal;}.wp-block-kadence-advancedheading.kt-adv-heading49_90e826-ac mark.kt-highlight, .wp-block-kadence-advancedheading.kt-adv-heading49_90e826-ac[data-kb-block=\"kb-adv-heading49_90e826-ac\"] mark.kt-highlight{font-style:normal;color:#f76a0c;-webkit-box-decoration-break:clone;box-decoration-break:clone;padding-top:0px;padding-right:0px;padding-bottom:0px;padding-left:0px;}.wp-block-kadence-advancedheading.kt-adv-heading49_90e826-ac img.kb-inline-image, .wp-block-kadence-advancedheading.kt-adv-heading49_90e826-ac[data-kb-block=\"kb-adv-heading49_90e826-ac\"] img.kb-inline-image{width:150px;vertical-align:baseline;}<\/style>\n<p class=\"kt-adv-heading49_90e826-ac wp-block-kadence-advancedheading\" data-kb-block=\"kb-adv-heading49_90e826-ac\">Das Copyright f\u00fcr ver\u00f6ffentlichte, vom Betreiber selbst erstellte Objekte bleibt allein beim Betreiber der Seiten. Eine Vervielf\u00e4ltigung oder Verwendung solcher Grafiken, Tondokumente, Videosequenzen und Texte in anderen elektronischen oder gedruckten Publikationen ist ohne ausdr\u00fcckliche Zustimmung des Betreibers nicht gestattet.<\/p>\n","protected":false},"excerpt":{"rendered":"<p>IMPRINT Address\u00adSOLTIC AGBirsstrasse 320CH-4052 Baselhello@soltic.ch Webdesign\/ProgrammingMasterhomepage Gmb\u00adHThier\u00adstein\u00ader\u00adallee 17CH-4053 Basel Con\u00adcept, lay\u00adout\u00adS\u00adTU\u00adIQ AGK\u00adlausstrasse 26CH-8008 Zurich Autho\u00adrised rep\u00adre\u00adsen\u00adta\u00adtivesAlexan\u00adder Schaf\u00adfrin\u00adnaDan\u00adny Riedel Data pro\u00adtec\u00adtion offi\u00adcer\u00adBeat Fischerbeat.fischer@soltic.ch VAT no.CHE-406.207.292 Lim\u00adi\u00adta\u00adtion of lia\u00adbil\u00adi\u00adtyThe con\u00adtent of this web\u00adsite is main\u00adtained with the great\u00adest pos\u00adsi\u00adble care. Nev\u00ader\u00adthe\u00adless, no lia\u00adbil\u00adi\u00adty is accept\u00aded for the con\u00adtent. Mis\u00adprints, errors and changes except\u00aded. The con\u00adtent is pro\u00adtect\u00aded by copy\u00adright. We accept no lia\u00adbil\u00adi\u00adty for the con\u00adtent of exter\u00adnal links.<\/p>","protected":false},"author":2,"featured_media":863,"parent":0,"menu_order":999,"comment_status":"closed","ping_status":"closed","template":"","meta":{"_acf_changed":false,"wp_typography_post_enhancements_disabled":false,"_kad_blocks_custom_css":"","_kad_blocks_head_custom_js":"","_kad_blocks_body_custom_js":"","_kad_blocks_footer_custom_js":"","_kad_post_transparent":"disable","_kad_post_title":"default","_kad_post_layout":"","_kad_post_sidebar_id":"","_kad_post_content_style":"","_kad_post_vertical_padding":"","_kad_post_feature":"","_kad_post_feature_position":"","_kad_post_header":false,"_kad_post_footer":false,"_kad_post_classname":"","footnotes":""},"class_list":["post-49","page","type-page","status-publish","has-post-thumbnail","hentry"],"acf":[],"taxonomy_info":[],"featured_image_src_large":false,"author_info":{"display_name":"Nina Rodeck","author_link":"https:\/\/www.soltic.ch\/en\/author\/nrodeck\/"},"comment_info":"","_links":{"self":[{"href":"https:\/\/www.soltic.ch\/en\/wp-json\/wp\/v2\/pages\/49","targetHints":{"allow":["GET"]}}],"collection":[{"href":"https:\/\/www.soltic.ch\/en\/wp-json\/wp\/v2\/pages"}],"about":[{"href":"https:\/\/www.soltic.ch\/en\/wp-json\/wp\/v2\/types\/page"}],"author":[{"embeddable":true,"href":"https:\/\/www.soltic.ch\/en\/wp-json\/wp\/v2\/users\/2"}],"replies":[{"embeddable":true,"href":"https:\/\/www.soltic.ch\/en\/wp-json\/wp\/v2\/comments?post=49"}],"version-history":[{"count":0,"href":"https:\/\/www.soltic.ch\/en\/wp-json\/wp\/v2\/pages\/49\/revisions"}],"wp:featuredmedia":[{"embeddable":true,"href":"https:\/\/www.soltic.ch\/en\/wp-json\/"}],"wp:attachment":[{"href":"https:\/\/www.soltic.ch\/en\/wp-json\/wp\/v2\/media?parent=49"}],"curies":[{"name":"wp","href":"https:\/\/api.w.org\/{rel}","templated":true}]}}