{"id":3029,"date":"2024-09-05T12:15:38","date_gmt":"2024-09-05T10:15:38","guid":{"rendered":"https:\/\/soltic.mainagentur-stage.de\/?page_id=3029"},"modified":"2025-05-20T09:32:26","modified_gmt":"2025-05-20T07:32:26","slug":"gender-note","status":"publish","type":"page","link":"https:\/\/www.soltic.ch\/en\/gender-hinweis\/","title":{"rendered":"Gen\u00adder note"},"content":{"rendered":"<style>.kb-row-layout-id3029_36f1c6-62 > .kt-row-column-wrap{align-content:start;}:where(.kb-row-layout-id3029_36f1c6-62 > .kt-row-column-wrap) > .wp-block-kadence-column{justify-content:start;}.kb-row-layout-id3029_36f1c6-62 > .kt-row-column-wrap{column-gap:var(--global-kb-gap-md, 2rem);row-gap:var(--global-kb-gap-md, 2rem);padding-top:var(--global-kb-spacing-sm, 1.5rem);padding-bottom:var(--global-kb-spacing-sm, 1.5rem);min-height:55vh;grid-template-columns:minmax(0, 1fr);}.kb-row-layout-id3029_36f1c6-62{background-image:url('https:\/\/www.soltic.ch\/wp-content\/uploads\/2025\/05\/24-office-basel-12-header.jpg');background-size:cover;background-position:28.000000000000004% 47%;background-attachment:scroll;background-repeat:no-repeat;}.kb-row-layout-id3029_36f1c6-62 > .kt-row-layout-overlay{opacity:0.30;}@media all and (max-width: 1024px){.kb-row-layout-id3029_36f1c6-62 > .kt-row-column-wrap{min-height:30vh;grid-template-columns:minmax(0, 1fr);}}@media all and (max-width: 767px){.kb-row-layout-id3029_36f1c6-62 > .kt-row-column-wrap{grid-template-columns:minmax(0, 1fr);}}<\/style><div class=\"kb-row-layout-wrap kb-row-layout-id3029_36f1c6-62 alignfull kt-row-has-bg wp-block-kadence-rowlayout\"><div class=\"kt-row-column-wrap kt-has-1-columns kt-row-layout-equal kt-tab-layout-inherit kt-mobile-layout-row kt-row-valign-top kt-inner-column-height-full\">\n<style>.kadence-column3029_981187-63 > .kt-inside-inner-col,.kadence-column3029_981187-63 > .kt-inside-inner-col:before{border-top-left-radius:0px;border-top-right-radius:0px;border-bottom-right-radius:0px;border-bottom-left-radius:0px;}.kadence-column3029_981187-63 > .kt-inside-inner-col{column-gap:var(--global-kb-gap-sm, 1rem);}.kadence-column3029_981187-63 > .kt-inside-inner-col{flex-direction:column;}.kadence-column3029_981187-63 > .kt-inside-inner-col > .aligncenter{width:100%;}.kadence-column3029_981187-63 > .kt-inside-inner-col:before{opacity:0.3;}.kadence-column3029_981187-63{position:relative;}@media all and (max-width: 1024px){.kadence-column3029_981187-63 > .kt-inside-inner-col{flex-direction:column;justify-content:center;}}@media all and (max-width: 767px){.kadence-column3029_981187-63 > .kt-inside-inner-col{flex-direction:column;justify-content:center;}}<\/style>\n<div class=\"wp-block-kadence-column kadence-column3029_981187-63\"><div class=\"kt-inside-inner-col\"><\/div><\/div>\n\n<\/div><\/div>\n\n<style>.kb-row-layout-id3029_9a601e-5e > .kt-row-column-wrap{align-content:start;}:where(.kb-row-layout-id3029_9a601e-5e > .kt-row-column-wrap) > .wp-block-kadence-column{justify-content:start;}.kb-row-layout-id3029_9a601e-5e > .kt-row-column-wrap{column-gap:var(--global-kb-gap-md, 2rem);row-gap:var(--global-kb-gap-md, 2rem);max-width:var( --global-content-width, 1290px );padding-left:var(--global-content-edge-padding);padding-right:var(--global-content-edge-padding);padding-top:var(--global-kb-spacing-xl, 4rem);padding-right:var(--global-kb-spacing-sm, 1.5rem);padding-bottom:var(--global-kb-spacing-xl, 4rem);padding-left:var(--global-kb-spacing-sm, 1.5rem);min-height:30vh;grid-template-columns:minmax(0, 1fr);}.kb-row-layout-id3029_9a601e-5e > .kt-row-layout-overlay{opacity:0.30;}.kb-row-layout-id3029_9a601e-5e{z-index:10;position:relative;}@media all and (max-width: 1024px){.kb-row-layout-wrap.wp-block-kadence-rowlayout.kb-row-layout-id3029_9a601e-5e{margin-top:0px;}}@media all and (max-width: 1024px){.kb-row-layout-id3029_9a601e-5e > .kt-row-column-wrap{grid-template-columns:minmax(0, 1fr);}}@media all and (max-width: 767px){.kb-row-layout-id3029_9a601e-5e > .kt-row-column-wrap{grid-template-columns:minmax(0, 1fr);}}<\/style><div class=\"kb-row-layout-wrap kb-row-layout-id3029_9a601e-5e alignfull has-theme-palette1-background-color kt-row-has-bg wp-block-kadence-rowlayout\"><div class=\"kt-row-column-wrap kt-has-1-columns kt-row-layout-equal kt-tab-layout-inherit kt-mobile-layout-row kt-row-valign-top kb-theme-content-width\">\n<style>.kadence-column3029_296d33-6d > .kt-inside-inner-col{display:flex;}.kadence-column3029_296d33-6d > .kt-inside-inner-col,.kadence-column3029_296d33-6d > .kt-inside-inner-col:before{border-top-left-radius:0px;border-top-right-radius:0px;border-bottom-right-radius:0px;border-bottom-left-radius:0px;}.kadence-column3029_296d33-6d > .kt-inside-inner-col{column-gap:var(--global-kb-gap-sm, 1rem);}.kadence-column3029_296d33-6d > .kt-inside-inner-col{flex-direction:column;align-items:flex-start;}.kadence-column3029_296d33-6d > .kt-inside-inner-col > .kb-image-is-ratio-size{align-self:stretch;}.kadence-column3029_296d33-6d > .kt-inside-inner-col > .wp-block-kadence-advancedgallery{align-self:stretch;}.kadence-column3029_296d33-6d > .kt-inside-inner-col > .aligncenter{width:100%;}.kadence-column3029_296d33-6d > .kt-inside-inner-col:before{opacity:0.3;}.kadence-column3029_296d33-6d{text-align:left;}.kadence-column3029_296d33-6d{position:relative;}@media all and (max-width: 1024px){.kadence-column3029_296d33-6d > .kt-inside-inner-col{padding-right:0%;flex-direction:column;justify-content:center;align-items:flex-start;}}@media all and (max-width: 1024px){.kadence-column3029_296d33-6d, .kt-inside-inner-col > .kadence-column3029_296d33-6d:not(.specificity){margin-top:0px;margin-right:0px;}}@media all and (max-width: 767px){.kadence-column3029_296d33-6d > .kt-inside-inner-col{flex-direction:column;justify-content:center;align-items:flex-start;}}<\/style>\n<div class=\"wp-block-kadence-column kadence-column3029_296d33-6d\"><div class=\"kt-inside-inner-col\"><style>.wp-block-kadence-advancedheading.kt-adv-heading3029_65d10b-03, .wp-block-kadence-advancedheading.kt-adv-heading3029_65d10b-03[data-kb-block=\"kb-adv-heading3029_65d10b-03\"]{font-style:normal;text-transform:uppercase;}.wp-block-kadence-advancedheading.kt-adv-heading3029_65d10b-03 mark.kt-highlight, .wp-block-kadence-advancedheading.kt-adv-heading3029_65d10b-03[data-kb-block=\"kb-adv-heading3029_65d10b-03\"] mark.kt-highlight{font-style:normal;color:#f76a0c;-webkit-box-decoration-break:clone;box-decoration-break:clone;padding-top:0px;padding-right:0px;padding-bottom:0px;padding-left:0px;}.wp-block-kadence-advancedheading.kt-adv-heading3029_65d10b-03 img.kb-inline-image, .wp-block-kadence-advancedheading.kt-adv-heading3029_65d10b-03[data-kb-block=\"kb-adv-heading3029_65d10b-03\"] img.kb-inline-image{width:150px;vertical-align:baseline;}<\/style>\n<h1 class=\"kt-adv-heading3029_65d10b-03 wp-block-kadence-advancedheading has-theme-palette-9-color has-text-color\" data-kb-block=\"kb-adv-heading3029_65d10b-03\">Gender Hinweis<\/h1>\n\n\n<style>.wp-block-kadence-advancedheading.kt-adv-heading3029_52ce18-df, .wp-block-kadence-advancedheading.kt-adv-heading3029_52ce18-df[data-kb-block=\"kb-adv-heading3029_52ce18-df\"]{font-size:24px;line-height:1.5;font-style:normal;}.wp-block-kadence-advancedheading.kt-adv-heading3029_52ce18-df mark.kt-highlight, .wp-block-kadence-advancedheading.kt-adv-heading3029_52ce18-df[data-kb-block=\"kb-adv-heading3029_52ce18-df\"] mark.kt-highlight{font-style:normal;color:#f76a0c;-webkit-box-decoration-break:clone;box-decoration-break:clone;padding-top:0px;padding-right:0px;padding-bottom:0px;padding-left:0px;}.wp-block-kadence-advancedheading.kt-adv-heading3029_52ce18-df img.kb-inline-image, .wp-block-kadence-advancedheading.kt-adv-heading3029_52ce18-df[data-kb-block=\"kb-adv-heading3029_52ce18-df\"] img.kb-inline-image{width:150px;vertical-align:baseline;}.wp-block-kadence-advancedheading.kt-adv-heading3029_52ce18-df[data-kb-block=\"kb-adv-heading3029_52ce18-df\"] a, .kt-adv-heading-link3029_52ce18-df, .kt-adv-heading-link3029_52ce18-df .kt-adv-heading3029_52ce18-df[data-kb-block=\"kb-adv-heading3029_52ce18-df\"]{color:var(--global-palette9, #ffffff);}.wp-block-kadence-advancedheading.kt-adv-heading3029_52ce18-df[data-kb-block=\"kb-adv-heading3029_52ce18-df\"] a:hover, .kt-adv-heading-link3029_52ce18-df:hover, .kt-adv-heading-link3029_52ce18-df:hover .kt-adv-heading3029_52ce18-df[data-kb-block=\"kb-adv-heading3029_52ce18-df\"]{color:var(--global-palette9, #ffffff);}.wp-block-kadence-advancedheading.kt-adv-heading3029_52ce18-df[data-kb-block=\"kb-adv-heading3029_52ce18-df\"] a, a.kb-advanced-heading-link.kt-adv-heading-link3029_52ce18-df{text-decoration:underline;}.wp-block-kadence-advancedheading.kt-adv-heading3029_52ce18-df[data-kb-block=\"kb-adv-heading3029_52ce18-df\"] a:hover, a.kb-advanced-heading-link.kt-adv-heading-link3029_52ce18-df:hover{text-decoration:underline;}<\/style>\n<p class=\"kt-adv-heading3029_52ce18-df wp-block-kadence-advancedheading has-theme-palette-9-color has-text-color hls-underline\" data-kb-block=\"kb-adv-heading3029_52ce18-df\">Wir bei SOLTIC setzen uns f\u00fcr ein offenes Arbeitsumfeld ein und respektieren die Vielfalt unserer Mitarbeitenden.<\/p>\n<\/div><\/div>\n\n<\/div><\/div>\n\n<style>.wp-block-kadence-spacer.kt-block-spacer-3029_70dc71-56 .kt-block-spacer{height:60px;}.wp-block-kadence-spacer.kt-block-spacer-3029_70dc71-56 .kt-divider{border-top-width:1px;height:1px;border-top-color:rgba(238, 238, 238, 0.01);width:80%;border-top-style:solid;}<\/style>\n<div class=\"wp-block-kadence-spacer aligncenter kt-block-spacer-3029_70dc71-56\"><div class=\"kt-block-spacer kt-block-spacer-halign-center\"><hr class=\"kt-divider\"\/><\/div><\/div>\n\n\n\n<div class=\"wp-block-columns is-layout-flex wp-container-core-columns-is-layout-9d6595d7 wp-block-columns-is-layout-flex\">\n<div class=\"wp-block-column is-layout-flow wp-block-column-is-layout-flow\">\n<div class=\"wp-block-columns is-layout-flex wp-container-core-columns-is-layout-9d6595d7 wp-block-columns-is-layout-flex\">\n<div class=\"wp-block-column is-layout-flow wp-block-column-is-layout-flow\"><style>.wp-block-kadence-advancedheading.kt-adv-heading3029_1f8d4c-5e, .wp-block-kadence-advancedheading.kt-adv-heading3029_1f8d4c-5e[data-kb-block=\"kb-adv-heading3029_1f8d4c-5e\"]{font-style:normal;}.wp-block-kadence-advancedheading.kt-adv-heading3029_1f8d4c-5e mark.kt-highlight, .wp-block-kadence-advancedheading.kt-adv-heading3029_1f8d4c-5e[data-kb-block=\"kb-adv-heading3029_1f8d4c-5e\"] mark.kt-highlight{font-style:normal;color:#f76a0c;-webkit-box-decoration-break:clone;box-decoration-break:clone;padding-top:0px;padding-right:0px;padding-bottom:0px;padding-left:0px;}.wp-block-kadence-advancedheading.kt-adv-heading3029_1f8d4c-5e img.kb-inline-image, .wp-block-kadence-advancedheading.kt-adv-heading3029_1f8d4c-5e[data-kb-block=\"kb-adv-heading3029_1f8d4c-5e\"] img.kb-inline-image{width:150px;vertical-align:baseline;}<\/style>\n<p class=\"kt-adv-heading3029_1f8d4c-5e wp-block-kadence-advancedheading\" data-kb-block=\"kb-adv-heading3029_1f8d4c-5e\">Bei SOLTIC sind wir stolz auf unser diverses <a href=\"https:\/\/www.soltic.ch\/team\/\" data-type=\"link\" data-id=\"https:\/\/www.soltic.ch\/team\/\">Team<\/a>. Bei uns sind Mitarbeitende aller Geschlechter willkommen. Dennoch haben wir uns dazu entschieden, f\u00fcr die bessere Lesbarkeit in unseren Texten vorwiegend die m\u00e4nnliche Form f\u00fcr Personenbezeichnungen und personenbezogene Hauptw\u00f6rter zu verwenden. Dies impliziert jedoch alle Geschlechter gleichermassen. Die verk\u00fcrzte Sprachform hat rein redaktionelle Gr\u00fcnde und beinhaltet keine Wertung. Erfahren Sie jetzt mehr \u00fcber unsere <a href=\"https:\/\/www.soltic.ch\/spirit\/\" data-type=\"link\" data-id=\"https:\/\/www.soltic.ch\/spirit\/\">Unternehmenskultur<\/a>!<\/p>\n\n\n\n<p><\/p>\n\n\n\n<p>Sie m\u00f6chten Teil unseres Teams werden?<\/p>\n\n\n\n<div class=\"wp-block-columns is-layout-flex wp-container-core-columns-is-layout-9d6595d7 wp-block-columns-is-layout-flex\">\n<div class=\"wp-block-column is-layout-flow wp-block-column-is-layout-flow\"><style>.wp-block-kadence-advancedheading.kt-adv-heading3029_1b1e84-cb, .wp-block-kadence-advancedheading.kt-adv-heading3029_1b1e84-cb[data-kb-block=\"kb-adv-heading3029_1b1e84-cb\"]{font-style:normal;}.wp-block-kadence-advancedheading.kt-adv-heading3029_1b1e84-cb mark.kt-highlight, .wp-block-kadence-advancedheading.kt-adv-heading3029_1b1e84-cb[data-kb-block=\"kb-adv-heading3029_1b1e84-cb\"] mark.kt-highlight{font-style:normal;color:#f76a0c;-webkit-box-decoration-break:clone;box-decoration-break:clone;padding-top:0px;padding-right:0px;padding-bottom:0px;padding-left:0px;}.wp-block-kadence-advancedheading.kt-adv-heading3029_1b1e84-cb img.kb-inline-image, .wp-block-kadence-advancedheading.kt-adv-heading3029_1b1e84-cb[data-kb-block=\"kb-adv-heading3029_1b1e84-cb\"] img.kb-inline-image{width:150px;vertical-align:baseline;}.wp-block-kadence-advancedheading.kt-adv-heading3029_1b1e84-cb[data-kb-block=\"kb-adv-heading3029_1b1e84-cb\"] a, a.kb-advanced-heading-link.kt-adv-heading-link3029_1b1e84-cb{text-decoration:none;}<\/style>\n<p class=\"kt-adv-heading3029_1b1e84-cb special_link wp-block-kadence-advancedheading hls-none\" data-kb-block=\"kb-adv-heading3029_1b1e84-cb\"><a href=\"https:\/\/www.soltic.ch\/career\/\">Stellenangebote ansehen<\/a><\/p>\n<\/div>\n\n\n\n<div class=\"wp-block-column is-layout-flow wp-block-column-is-layout-flow\"><\/div>\n<\/div>\n<\/div>\n<\/div>\n<\/div>\n<\/div>\n","protected":false},"excerpt":{"rendered":"<p>Gen\u00adder Notice At SOLTIC, we are com\u00admit\u00adted to an open work\u00ading envi\u00adron\u00adment and respect the diver\u00adsi\u00adty of our employ\u00adees. At SOLTIC, we are proud of our diverse team. We wel\u00adcome employ\u00adees of all gen\u00adders. Nev\u00ader\u00adthe\u00adless, we have decid\u00aded to pre\u00addom\u00adi\u00adnant\u00adly use the mas\u00adcu\u00adline form for per\u00adson\u00adal des\u00adig\u00adna\u00adtions and per\u00adson\u00adal ref\u00ader\u00adences in our texts for bet\u00adter read\u00adabil\u00adi\u00adty.<\/p>","protected":false},"author":2,"featured_media":863,"parent":0,"menu_order":999,"comment_status":"closed","ping_status":"closed","template":"","meta":{"_acf_changed":false,"wp_typography_post_enhancements_disabled":false,"_kad_blocks_custom_css":"","_kad_blocks_head_custom_js":"","_kad_blocks_body_custom_js":"","_kad_blocks_footer_custom_js":"","_kad_post_transparent":"default","_kad_post_title":"","_kad_post_layout":"","_kad_post_sidebar_id":"","_kad_post_content_style":"","_kad_post_vertical_padding":"","_kad_post_feature":"","_kad_post_feature_position":"","_kad_post_header":false,"_kad_post_footer":false,"_kad_post_classname":"","footnotes":""},"class_list":["post-3029","page","type-page","status-publish","has-post-thumbnail","hentry"],"acf":[],"taxonomy_info":[],"featured_image_src_large":false,"author_info":{"display_name":"Nina Rodeck","author_link":"https:\/\/www.soltic.ch\/en\/author\/nrodeck\/"},"comment_info":"","_links":{"self":[{"href":"https:\/\/www.soltic.ch\/en\/wp-json\/wp\/v2\/pages\/3029","targetHints":{"allow":["GET"]}}],"collection":[{"href":"https:\/\/www.soltic.ch\/en\/wp-json\/wp\/v2\/pages"}],"about":[{"href":"https:\/\/www.soltic.ch\/en\/wp-json\/wp\/v2\/types\/page"}],"author":[{"embeddable":true,"href":"https:\/\/www.soltic.ch\/en\/wp-json\/wp\/v2\/users\/2"}],"replies":[{"embeddable":true,"href":"https:\/\/www.soltic.ch\/en\/wp-json\/wp\/v2\/comments?post=3029"}],"version-history":[{"count":0,"href":"https:\/\/www.soltic.ch\/en\/wp-json\/wp\/v2\/pages\/3029\/revisions"}],"wp:featuredmedia":[{"embeddable":true,"href":"https:\/\/www.soltic.ch\/en\/wp-json\/"}],"wp:attachment":[{"href":"https:\/\/www.soltic.ch\/en\/wp-json\/wp\/v2\/media?parent=3029"}],"curies":[{"name":"wp","href":"https:\/\/api.w.org\/{rel}","templated":true}]}}